{"id":299,"date":"2016-11-18T01:26:26","date_gmt":"2016-11-18T01:26:26","guid":{"rendered":"https:\/\/murcianoticias.es\/curiosidades\/?page_id=299"},"modified":"2018-05-24T13:12:19","modified_gmt":"2018-05-24T13:12:19","slug":"legal","status":"publish","type":"page","link":"https:\/\/www.murcianoticias.es\/curiosidades\/legal","title":{"rendered":"Cookie Policy"},"content":{"rendered":"<div class=\"post-header\">\n<h1 class=\"post-title entry-title\">Pol\u00edtica de privacidad<\/h1>\n<\/div>\n<div id=\"post-body-22807\" class=\"post-body entry-content content-template wide-right\">\n<div class=\"post-body-inner\">\n<p>Esta Pol\u00edtica de Privacidad dicta e indica la forma en que\u00a0https:\/\/murcianoticias.es\/curiosidades\/\u00a0recopila, utiliza, mantiene y divulga la informaci\u00f3n recopilada de los usuarios (al que llamaremos usuario) del sitio web https:\/\/murcianoticias.es\/curiosidades\/ (al que llamaremos Sitio). Esta pol\u00edtica de privacidad se aplica al Sitio y a todos los productos y servicios ofrecidos por curiosidades.tv<\/p>\n<h3>Informaci\u00f3n de identificaci\u00f3n personal<\/h3>\n<p>Podemos recopilar informaci\u00f3n de identificaci\u00f3n personal de los usuarios en una variedad de formas, que incluyen, entre otros, cuando los usuarios visitan nuestro sitio, se registran en el sitio, se suscriben al bolet\u00edn informativo, a notificaciones push y en relaci\u00f3n con otras actividades, servicios, caracter\u00edsticas o recursos que se tienen a disposici\u00f3n en nuestro sitio. A los usuarios se les puede pedir, seg\u00fan corresponda, el nombre, la direcci\u00f3n de correo electr\u00f3nico. Sin embargo, los usuarios pueden visitar nuestro sitio de forma an\u00f3nima. Recopilaremos informaci\u00f3n de identificaci\u00f3n personal de los usuarios solo si nos env\u00edan voluntariamente dicha informaci\u00f3n. Los usuarios siempre pueden negarse a proporcionar informaci\u00f3n de identificaci\u00f3n personal, excepto que puede impedirles participar en ciertas actividades relacionadas con el Sitio.<\/p>\n<h3>Informaci\u00f3n de identificaci\u00f3n no personal<\/h3>\n<p>Podemos recopilar informaci\u00f3n de identificaci\u00f3n no personal sobre los Usuarios cada vez que interact\u00faan con nuestro Sitio. La informaci\u00f3n de identificaci\u00f3n no personal puede incluir el nombre del navegador, el tipo de computadora y la informaci\u00f3n t\u00e9cnica sobre los medios de conexi\u00f3n de los Usuarios a nuestro Sitio, como el sistema operativo y los proveedores de servicios de Internet utilizados y otra informaci\u00f3n similar.<\/p>\n<h3>Las cookies del navegador web<\/h3>\n<p>Nuestro sitio puede usar \u00abcookies\u00bb para mejorar la experiencia del usuario. El navegador web del usuario coloca cookies en su disco duro para fines de registro y, en ocasiones, para rastrear informaci\u00f3n sobre ellas. El usuario puede elegir configurar su navegador web para rechazar las cookies o para avisarle cuando se env\u00eden las cookies. Si lo hacen, tenga en cuenta que algunas partes del sitio pueden no funcionar correctamente.<\/p>\n<h3>C\u00f3mo utilizamos la informaci\u00f3n recopilada<\/h3>\n<p>curiosidades.TV puede recopilar y usar informaci\u00f3n personal de los usuarios para los siguientes prop\u00f3sitos:<\/p>\n<ul>\n<li>\n<ul>\n<li>Para mejorar nuestro sitio.<\/li>\n<li>Para ejecutar una promoci\u00f3n, concurso, encuesta u otra funci\u00f3n del sitio.<\/li>\n<li>Para enviar a los usuarios la informaci\u00f3n que acordaron recibir sobre temas que creemos ser\u00e1n de inter\u00e9s para ellos.<\/li>\n<li>Para enviar correos electr\u00f3nicos peri\u00f3dicos.<\/li>\n<li>Podemos usar la direcci\u00f3n de correo electr\u00f3nico para responder a sus preguntas, preguntas y \/ u otras solicitudes.<\/li>\n<\/ul>\n<\/li>\n<\/ul>\n<h3>C\u00f3mo protegemos su informaci\u00f3n<\/h3>\n<p>Adoptamos pr\u00e1cticas apropiadas de recopilaci\u00f3n, almacenamiento y procesamiento de datos y medidas de seguridad para proteger contra el acceso no autorizado, alteraci\u00f3n, divulgaci\u00f3n o destrucci\u00f3n de su informaci\u00f3n personal, nombre de usuario, contrase\u00f1a, informaci\u00f3n de transacciones y datos almacenados en nuestro Sitio.<\/p>\n<h3>Compartir su informaci\u00f3n personal<\/h3>\n<p>No vendemos, intercambiamos o alquilamos informaci\u00f3n de identificaci\u00f3n personal a otros. Podemos compartir informaci\u00f3n demogr\u00e1fica agregada gen\u00e9rica no vinculada a ninguna informaci\u00f3n de identificaci\u00f3n personal con respecto a los visitantes y usuarios con nuestros socios comerciales, afiliados de confianza y anunciantes para los fines descritos anteriormente.<\/p>\n<h3>Sitios web de terceros<\/h3>\n<p>Los usuarios pueden encontrar publicidad u otro contenido en nuestro Sitio que enlace a los sitios y servicios de nuestros socios, proveedores, anunciantes, patrocinadores, licenciantes y otros terceros. No controlamos el contenido o los enlaces que aparecen en estos sitios y no somos responsables de las pr\u00e1cticas empleadas por los sitios web vinculados a nuestro Sitio o desde este. Adem\u00e1s, estos sitios o servicios, incluido su contenido y enlaces, pueden estar en constante cambio. Estos sitios y servicios pueden tener sus propias pol\u00edticas de privacidad y pol\u00edticas de servicio al cliente. La navegaci\u00f3n y la interacci\u00f3n en cualquier otro sitio web, incluidos los sitios web que tienen un enlace a nuestro sitio, est\u00e1n sujetos a los t\u00e9rminos y pol\u00edticas propios del sitio web.<\/p>\n<h3>Publicidad<\/h3>\n<p>Los anuncios que aparecen en nuestro sitio pueden ser entregados a los usuarios por socios publicitarios, quienes pueden establecer cookies. Estas cookies permiten que el servidor de anuncios reconozca su computadora cada vez que le env\u00edan un anuncio en l\u00ednea para recopilar informaci\u00f3n de identificaci\u00f3n no personal sobre usted u otras personas que usan su computadora. Esta informaci\u00f3n permite que las redes publicitarias, entre otras cosas, entreguen publicidades dirigidas que creen que ser\u00e1n de su mayor inter\u00e9s. Esta pol\u00edtica de privacidad no cubre el uso de cookies por parte de ning\u00fan anunciante.<\/p>\n<h3>Publicidad de Google<\/h3>\n<p>Algunos de los anuncios pueden ser servidos por Google. El uso de Google de la cookie de DART le permite publicar avisos a los Usuarios en funci\u00f3n de su visita a nuestro Sitio y a otros sitios en Internet. DART utiliza \u00abinformaci\u00f3n no identificable personalmente\u00bb y NO rastrea informaci\u00f3n personal sobre usted, como su nombre, direcci\u00f3n de correo electr\u00f3nico, direcci\u00f3n f\u00edsica, etc. Puede optar por no usar la cookie de DART visitando la red de publicidad y contenido de Google. pol\u00edtica en\u00a0<a href=\"http:\/\/www.google.com\/privacy_ads.html\" target=\"_blank\" rel=\"noopener nofollow external noreferrer\" data-wpel-link=\"external\">http:\/\/www.google.com\/privacy_ads.html<\/a><\/p>\n<h3>Cambios a esta pol\u00edtica de privacidad<\/h3>\n<p>curiosidades.tv tiene la discreci\u00f3n de actualizar esta pol\u00edtica de privacidad en cualquier momento. Cuando lo hagamos, modificaremos la fecha actualizada en la parte inferior de esta p\u00e1gina. Alentamos a los usuarios a que revisen con frecuencia esta p\u00e1gina en busca de cambios para mantenerse informados sobre c\u00f3mo estamos ayudando a proteger la informaci\u00f3n personal que recopilamos. Usted reconoce y acepta que es su responsabilidad revisar esta pol\u00edtica de privacidad peri\u00f3dicamente y conocer las modificaciones.<\/p>\n<h3>Su aceptaci\u00f3n de estos t\u00e9rminos<\/h3>\n<p>Al usar este sitio, usted expresa su aceptaci\u00f3n de esta pol\u00edtica. Si no est\u00e1 de acuerdo con esta pol\u00edtica, no use nuestro Sitio. Su uso continuado del Sitio despu\u00e9s de la publicaci\u00f3n de cambios a esta pol\u00edtica se considerar\u00e1 su aceptaci\u00f3n de dichos cambios.<\/p>\n<h3>Contactando con nosotros<\/h3>\n<p>Si tiene alguna pregunta sobre esta Pol\u00edtica de privacidad, las pr\u00e1cticas de este sitio o sus relaciones con este sitio, cont\u00e1ctenos en: contacto@curiosidades.tv<\/p>\n<p>Este documento fue actualizado por \u00faltima vez el 18 de mayo de 2018<\/p>\n<\/div>\n<\/div>\n","protected":false},"excerpt":{"rendered":"<p>Pol\u00edtica de privacidad Esta Pol\u00edtica de Privacidad dicta e indica la forma en que\u00a0https:\/\/murcianoticias.es\/curiosidades\/\u00a0recopila, utiliza, mantiene y divulga la informaci\u00f3n recopilada de los usuarios (al que llamaremos usuario) del sitio web https:\/\/murcianoticias.es\/curiosidades\/ (al que llamaremos Sitio). Esta pol\u00edtica de privacidad se aplica al Sitio y a todos los productos y servicios ofrecidos por curiosidades.tv Informaci\u00f3n [&hellip;]<\/p>\n","protected":false},"author":1,"featured_media":0,"parent":0,"menu_order":0,"comment_status":"closed","ping_status":"closed","template":"","meta":{"footnotes":""},"yoast_head":"<!-- This site is optimized with the Yoast SEO plugin v22.3 - https:\/\/yoast.com\/wordpress\/plugins\/seo\/ -->\n<title>Cookie Policy<\/title>\n<meta name=\"description\" content=\"Pol\u00edtica de privacidad Esta Pol\u00edtica de Privacidad dicta e indica la forma en que\u00a0https:\/\/murcianoticias.es\/curiosidades\/\u00a0recopila, utiliza, mantiene y\" \/>\n<meta name=\"robots\" content=\"noindex, follow\" \/>\n<meta property=\"og:locale\" content=\"es_ES\" \/>\n<meta property=\"og:type\" content=\"article\" \/>\n<meta property=\"og:title\" content=\"Cookie Policy\" \/>\n<meta property=\"og:description\" content=\"Pol\u00edtica de privacidad Esta Pol\u00edtica de Privacidad dicta e indica la forma en que\u00a0https:\/\/murcianoticias.es\/curiosidades\/\u00a0recopila, utiliza, mantiene y\" \/>\n<meta property=\"og:url\" content=\"https:\/\/www.murcianoticias.es\/curiosidades\/legal\" \/>\n<meta property=\"og:site_name\" content=\"Curiosidades y temas virales\" \/>\n<meta property=\"article:publisher\" content=\"https:\/\/www.facebook.com\/curiosidadesTv1\" \/>\n<meta property=\"article:modified_time\" content=\"2018-05-24T13:12:19+00:00\" \/>\n<meta name=\"twitter:card\" content=\"summary_large_image\" \/>\n<meta name=\"twitter:label1\" content=\"Tiempo de lectura\" \/>\n\t<meta name=\"twitter:data1\" content=\"5 minutos\" \/>\n<script type=\"application\/ld+json\" class=\"yoast-schema-graph\">{\"@context\":\"https:\/\/schema.org\",\"@graph\":[{\"@type\":\"WebPage\",\"@id\":\"https:\/\/www.murcianoticias.es\/curiosidades\/legal\",\"url\":\"https:\/\/www.murcianoticias.es\/curiosidades\/legal\",\"name\":\"Cookie Policy\",\"isPartOf\":{\"@id\":\"https:\/\/www.murcianoticias.es\/curiosidades\/#website\"},\"datePublished\":\"2016-11-18T01:26:26+00:00\",\"dateModified\":\"2018-05-24T13:12:19+00:00\",\"description\":\"Pol\u00edtica de privacidad Esta Pol\u00edtica de Privacidad dicta e indica la forma en que\u00a0https:\/\/murcianoticias.es\/curiosidades\/\u00a0recopila, utiliza, mantiene y\",\"breadcrumb\":{\"@id\":\"https:\/\/www.murcianoticias.es\/curiosidades\/legal#breadcrumb\"},\"inLanguage\":\"es\",\"potentialAction\":[{\"@type\":\"ReadAction\",\"target\":[\"https:\/\/www.murcianoticias.es\/curiosidades\/legal\"]}]},{\"@type\":\"BreadcrumbList\",\"@id\":\"https:\/\/www.murcianoticias.es\/curiosidades\/legal#breadcrumb\",\"itemListElement\":[{\"@type\":\"ListItem\",\"position\":1,\"name\":\"Portada\",\"item\":\"https:\/\/www.murcianoticias.es\/curiosidades\/\"},{\"@type\":\"ListItem\",\"position\":2,\"name\":\"Cookie Policy\"}]},{\"@type\":\"WebSite\",\"@id\":\"https:\/\/www.murcianoticias.es\/curiosidades\/#website\",\"url\":\"https:\/\/www.murcianoticias.es\/curiosidades\/\",\"name\":\"Curiosidades y temas virales\",\"description\":\"\",\"potentialAction\":[{\"@type\":\"SearchAction\",\"target\":{\"@type\":\"EntryPoint\",\"urlTemplate\":\"https:\/\/www.murcianoticias.es\/curiosidades\/?s={search_term_string}\"},\"query-input\":\"required name=search_term_string\"}],\"inLanguage\":\"es\"}]}<\/script>\n<!-- \/ Yoast SEO plugin. -->","yoast_head_json":{"title":"Cookie Policy","description":"Pol\u00edtica de privacidad Esta Pol\u00edtica de Privacidad dicta e indica la forma en que\u00a0https:\/\/murcianoticias.es\/curiosidades\/\u00a0recopila, utiliza, mantiene y","robots":{"index":"noindex","follow":"follow"},"og_locale":"es_ES","og_type":"article","og_title":"Cookie Policy","og_description":"Pol\u00edtica de privacidad Esta Pol\u00edtica de Privacidad dicta e indica la forma en que\u00a0https:\/\/murcianoticias.es\/curiosidades\/\u00a0recopila, utiliza, mantiene y","og_url":"https:\/\/www.murcianoticias.es\/curiosidades\/legal","og_site_name":"Curiosidades y temas virales","article_publisher":"https:\/\/www.facebook.com\/curiosidadesTv1","article_modified_time":"2018-05-24T13:12:19+00:00","twitter_card":"summary_large_image","twitter_misc":{"Tiempo de lectura":"5 minutos"},"schema":{"@context":"https:\/\/schema.org","@graph":[{"@type":"WebPage","@id":"https:\/\/www.murcianoticias.es\/curiosidades\/legal","url":"https:\/\/www.murcianoticias.es\/curiosidades\/legal","name":"Cookie Policy","isPartOf":{"@id":"https:\/\/www.murcianoticias.es\/curiosidades\/#website"},"datePublished":"2016-11-18T01:26:26+00:00","dateModified":"2018-05-24T13:12:19+00:00","description":"Pol\u00edtica de privacidad Esta Pol\u00edtica de Privacidad dicta e indica la forma en que\u00a0https:\/\/murcianoticias.es\/curiosidades\/\u00a0recopila, utiliza, mantiene y","breadcrumb":{"@id":"https:\/\/www.murcianoticias.es\/curiosidades\/legal#breadcrumb"},"inLanguage":"es","potentialAction":[{"@type":"ReadAction","target":["https:\/\/www.murcianoticias.es\/curiosidades\/legal"]}]},{"@type":"BreadcrumbList","@id":"https:\/\/www.murcianoticias.es\/curiosidades\/legal#breadcrumb","itemListElement":[{"@type":"ListItem","position":1,"name":"Portada","item":"https:\/\/www.murcianoticias.es\/curiosidades\/"},{"@type":"ListItem","position":2,"name":"Cookie Policy"}]},{"@type":"WebSite","@id":"https:\/\/www.murcianoticias.es\/curiosidades\/#website","url":"https:\/\/www.murcianoticias.es\/curiosidades\/","name":"Curiosidades y temas virales","description":"","potentialAction":[{"@type":"SearchAction","target":{"@type":"EntryPoint","urlTemplate":"https:\/\/www.murcianoticias.es\/curiosidades\/?s={search_term_string}"},"query-input":"required name=search_term_string"}],"inLanguage":"es"}]}},"_links":{"self":[{"href":"https:\/\/www.murcianoticias.es\/curiosidades\/wp-json\/wp\/v2\/pages\/299"}],"collection":[{"href":"https:\/\/www.murcianoticias.es\/curiosidades\/wp-json\/wp\/v2\/pages"}],"about":[{"href":"https:\/\/www.murcianoticias.es\/curiosidades\/wp-json\/wp\/v2\/types\/page"}],"author":[{"embeddable":true,"href":"https:\/\/www.murcianoticias.es\/curiosidades\/wp-json\/wp\/v2\/users\/1"}],"replies":[{"embeddable":true,"href":"https:\/\/www.murcianoticias.es\/curiosidades\/wp-json\/wp\/v2\/comments?post=299"}],"version-history":[{"count":0,"href":"https:\/\/www.murcianoticias.es\/curiosidades\/wp-json\/wp\/v2\/pages\/299\/revisions"}],"wp:attachment":[{"href":"https:\/\/www.murcianoticias.es\/curiosidades\/wp-json\/wp\/v2\/media?parent=299"}],"curies":[{"name":"wp","href":"https:\/\/api.w.org\/{rel}","templated":true}]}}